{"id":4046,"date":"2021-06-24T13:04:23","date_gmt":"2021-06-24T11:04:23","guid":{"rendered":"https:\/\/www.ergolines.it\/demo\/customer-privacy-policy\/"},"modified":"2025-02-03T17:10:32","modified_gmt":"2025-02-03T16:10:32","slug":"informativa-privacy-clienti","status":"publish","type":"page","link":"https:\/\/www.ergolines.it\/it\/informativa-privacy-clienti\/","title":{"rendered":"Informativa privacy Clienti"},"content":{"rendered":"<p>Ai sensi dell\u2019art. 13 del Regolamento UE 2016\/679 (GDPR) si forniscono, in coerenza del principio di trasparenza, le seguenti informazioni al fine di rendere consapevole il Cliente delle caratteristiche e modalit\u00e0 del trattamento dei dati.<\/p>\n<p><strong>a) Identit\u00e0 e dati di contatto del Titolare del trattamento e del DPO<\/strong><\/p>\n<p>Si informa che i Suoi dati, in quanto Cliente, saranno trattati dalla societ\u00e0 Ergolines Lab s.r.l. S.U. con sede in Area Science Park, Bldg. R3 Padriciano, 99 34149 Trieste, Italy<\/p>\n<p>E-mail: <a href=\"mailto:ergolines@legalmail.it\">ergolines@legalmail.it<\/a>\u00a0 Tel. +39 040 375 5422 \u00a0e-mail: <a href=\"mailto:infosteel@ergolines.it\">infosteel@ergolines.it<\/a><\/p>\n<p>Il DPO nominato dal Titolare \u00e8 la societ\u00e0 Resolve Srl SB con sede in Viale dell\u2019INDUSTRIA 21 \u2013 35129 PADOVA.<\/p>\n<p>\u00c8 possibile contattare il DPO inviando una e-mail all\u2019indirizzo: <a href=\"mailto:dpo@ergongroup.it\">dpo@ergongroup.it<\/a><\/p>\n<p><strong>b) Finalit\u00e0 del trattamento, base giuridica e legittimo interesse<\/strong><\/p>\n<p>I trattamenti dei dati personali richiesti all\u2019interessato sono effettuati per le seguenti finalit\u00e0:<\/p>\n<ol>\n<li style=\"list-style-type: none;\">\n<ol>\n<li style=\"list-style-type: none;\">\n<ol>\n<li>esecuzione di obblighi derivanti da un contratto del quale il Cliente \u00e8 parte;<\/li>\n<li>adempiere, prima dell\u2019esecuzione di un contratto, a specifiche richieste del Cliente;<\/li>\n<li>amministrazione dei fornitori\/clienti, dei contratti, degli ordini, arrivi e delle fatture;<\/li>\n<li>adempiere ad obblighi di legge connessi a disposizioni civilistiche, fiscali e contabili;<\/li>\n<li>gestire l\u2019eventuale insorgere di contenziosi da responsabilit\u00e0 contrattuale;<\/li>\n<li>promuovere tramite mail e\/o posta cartacea prodotti o servizi analoghi a quelli gi\u00e0 acquistati dal Cliente (soft-spam).<\/li>\n<\/ol>\n<\/li>\n<\/ol>\n<\/li>\n<\/ol>\n<p>La base giuridica del trattamento per le finalit\u00e0 di cui ai punti 1,2 e 3, \u00e8 la sua volont\u00e0 di perfezionare il contratto e il trattamento \u00e8 necessario all\u2019esecuzione di un contratto di cui il Cliente \u00e8 parte ed all\u2019esecuzione di misure precontrattuali adottate su richiesta dello stesso (art.6 n.1 lett. B \u2013 GDPR).<\/p>\n<p>Il trattamento per le finalit\u00e0 di cui ai punti 4 e 5 \u00e8 necessario per il perseguimento del legittimo interesse del titolare del trattamento di rispettare le obbligazioni contrattuali sottoscritte tra le parti nonch\u00e9 per la necessit\u00e0 di adempiere gli obblighi legali (art.6 n.1 lett. c e f -GDPR).<\/p>\n<p>Il conferimento dei dati per le finalit\u00e0 di cui ai predetti punti \u00e8 obbligatorio e il suo eventuale rifiuto potr\u00e0 determinare l\u2019impossibilit\u00e0 di dare esecuzione al contratto di cui il Cliente \u00e8 parte.<\/p>\n<p>La base giuridica del trattamento per la finalit\u00e0 di cui al punto 6 \u00e8 l\u2019interesse del Titolare all\u2019utilizzo dell\u2019indirizzo e-mail del Cliente per l\u2019invio di un numero limitato di comunicazioni commerciali che possano essere appropriate ed in linea con i prodotti o servizi acquistati in precedenza (art. 6. n. 1 lett. f &#8211; GDPR). Il conferimento dei dati personali per tale finalit\u00e0 \u00e8 facoltativo e il Cliente ha sempre il diritto di opporsi con le modalit\u00e0 previste al paragrafo g).<\/p>\n<p><strong>c) Trattamento facoltativo dei dati per finalit\u00e0 promozionali e commerciali<\/strong><\/p>\n<p>Previo esplicito consenso del Cliente, i dati dello stesso potranno altres\u00ec essere trattati per finalit\u00e0 di promozione commerciale dei servizi e prodotti da parte di Ergolines Lab S.r.l. S.U. anche tramite l\u2019invio di Newsletter. La base giuridica di tale trattamento \u00e8 il consenso espresso con la firma (art. 6 n.1 lett. a \u2013 GDPR).<\/p>\n<p><strong>d) Destinatari ed eventuali categorie di destinatari dei dati personali<\/strong><\/p>\n<p>I dati sono trattati da soggetti autorizzati del trattamento dei dati sotto la responsabilit\u00e0 del Titolare per le finalit\u00e0 sopra riportate.<\/p>\n<p>I dati potranno altres\u00ec essere comunicati a soggetti terzi che forniscono servizi strumentali quali societ\u00e0 di trasporto merci, societ\u00e0 di consulenza legale, fiscale e commerciale, servizi tecnici informatici, servizi di comunicazione e posta elettronica, agenti di commercio.<\/p>\n<p>Inoltre, presso la sede del Titolare del trattamento \u00e8 disponibile l\u2019elenco aggiornato degli eventuali Responsabili esterni del Trattamento.<\/p>\n<p><strong>e) Luogo del trattamento e trasferimento dati a paese terzo<\/strong><\/p>\n<p>I dati vengono trattati e conservati presso la sede del Titolare nonch\u00e9 nei server di quest\u2019ultimo ubicati in territorio UE.<\/p>\n<p>Il Titolare garantisce che quando si utilizzano fornitori stabiliti al di fuori del SEE il trattamento dei dati personali da parte di questi soggetti viene effettuato in conformit\u00e0 alla legge applicabile. I trasferimenti sono effettuati nel rispetto di adeguate garanzie, quali decisioni di adeguatezza, clausole contrattuali standard approvate dalla Commissione europea o altre garanzie previste dal GDPR.<\/p>\n<p><strong>f) Periodo di conservazione dei dati<\/strong><\/p>\n<p>I dati sono conservati in forma cartacea e\/o elettronica per il periodo necessario al raggiungimento delle finalit\u00e0 per le quali sono stati raccolti ed in ottemperanza agli obblighi di Legge. I dati utilizzati per la finalit\u00e0 di cui ai punti b.6) e c), saranno trattati fino alla revoca del consenso o opposizione al trattamento.<\/p>\n<p><strong>g) Diritti sui dati<\/strong><\/p>\n<p>Si precisa che l\u2019interessato, ove ne ricorrano i presupposti, pu\u00f2 esercitare i seguenti diritti:<\/p>\n<ol>\n<li style=\"list-style-type: none;\">\n<ol>\n<li style=\"list-style-type: none;\">\n<ol>\n<li>diritto di accesso ai propri dati personali; diritto di ottenere la rettifica o la cancellazione degli stessi o la limitazione del trattamento che lo riguardano;<\/li>\n<li>diritto di opporsi al trattamento e diritto di revocare il consenso per le finalit\u00e0 di trattamento che lo richiedono, senza pregiudicare la liceit\u00e0 del trattamento basata sul consenso prestato prima della revoca;<\/li>\n<li>diritto alla portabilit\u00e0 dei dati (diritto applicabile ai soli dati in formato elettronico), cos\u00ec come disciplinato all\u2019art. 20 del GDPR.<\/li>\n<\/ol>\n<\/li>\n<\/ol>\n<\/li>\n<\/ol>\n<p>In merito alle modalit\u00e0 di esercizio dei sopracitati diritti, l\u2019interessato pu\u00f2 presentare apposita istanza mediante comunicazione scritta all\u2019indirizzo mail infosteel@ergolines.it.<\/p>\n<p><strong>h) Reclamo<\/strong><\/p>\n<p>Qualora ritenga che il trattamento dei Suoi dati personali avvenga in violazione di quanto previsto dal Regolamento UE 2016\/679, hai il diritto di proporre reclamo al Garante per la protezione dei dati (Garante Privacy).<\/p>\n<p>&nbsp;<\/p>\n","protected":false},"excerpt":{"rendered":"<p>Ai sensi dell\u2019art. 13 del Regolamento UE 2016\/679 (GDPR) si forniscono, in coerenza del principio di trasparenza, le seguenti informazioni al fine di rendere consapevole il Cliente delle caratteristiche e modalit\u00e0 del trattamento dei dati. a) Identit\u00e0 e dati di contatto del Titolare del trattamento e del DPO Si informa che i Suoi dati, in [&hellip;]<\/p>\n","protected":false},"author":2,"featured_media":0,"parent":0,"menu_order":0,"comment_status":"closed","ping_status":"closed","template":"","meta":{"_acf_changed":false,"footnotes":""},"acf":[],"yoast_head":"<!-- This site is optimized with the Yoast SEO plugin v22.1 - https:\/\/yoast.com\/wordpress\/plugins\/seo\/ -->\n<title>Informativa privacy Clienti - Ergolines<\/title>\n<meta name=\"robots\" content=\"index, follow, max-snippet:-1, max-image-preview:large, max-video-preview:-1\" \/>\n<link rel=\"canonical\" href=\"https:\/\/www.ergolines.it\/it\/informativa-privacy-clienti\/\" \/>\n<meta property=\"og:locale\" content=\"it_IT\" \/>\n<meta property=\"og:type\" content=\"article\" \/>\n<meta property=\"og:title\" content=\"Informativa privacy Clienti - Ergolines\" \/>\n<meta property=\"og:description\" content=\"Ai sensi dell\u2019art. 13 del Regolamento UE 2016\/679 (GDPR) si forniscono, in coerenza del principio di trasparenza, le seguenti informazioni al fine di rendere consapevole il Cliente delle caratteristiche e modalit\u00e0 del trattamento dei dati. a) Identit\u00e0 e dati di contatto del Titolare del trattamento e del DPO Si informa che i Suoi dati, in [&hellip;]\" \/>\n<meta property=\"og:url\" content=\"https:\/\/www.ergolines.it\/it\/informativa-privacy-clienti\/\" \/>\n<meta property=\"og:site_name\" content=\"Ergolines\" \/>\n<meta property=\"article:modified_time\" content=\"2025-02-03T16:10:32+00:00\" \/>\n<meta name=\"twitter:card\" content=\"summary_large_image\" \/>\n<meta name=\"twitter:label1\" content=\"Est. reading time\" \/>\n\t<meta name=\"twitter:data1\" content=\"4 minutes\" \/>\n<script type=\"application\/ld+json\" class=\"yoast-schema-graph\">{\"@context\":\"https:\/\/schema.org\",\"@graph\":[{\"@type\":\"WebPage\",\"@id\":\"https:\/\/www.ergolines.it\/it\/informativa-privacy-clienti\/\",\"url\":\"https:\/\/www.ergolines.it\/it\/informativa-privacy-clienti\/\",\"name\":\"Informativa privacy Clienti - Ergolines\",\"isPartOf\":{\"@id\":\"https:\/\/www.ergolines.it\/#website\"},\"datePublished\":\"2021-06-24T11:04:23+00:00\",\"dateModified\":\"2025-02-03T16:10:32+00:00\",\"breadcrumb\":{\"@id\":\"https:\/\/www.ergolines.it\/it\/informativa-privacy-clienti\/#breadcrumb\"},\"inLanguage\":\"it-IT\",\"potentialAction\":[{\"@type\":\"ReadAction\",\"target\":[\"https:\/\/www.ergolines.it\/it\/informativa-privacy-clienti\/\"]}]},{\"@type\":\"BreadcrumbList\",\"@id\":\"https:\/\/www.ergolines.it\/it\/informativa-privacy-clienti\/#breadcrumb\",\"itemListElement\":[{\"@type\":\"ListItem\",\"position\":1,\"name\":\"Home\",\"item\":\"https:\/\/www.ergolines.it\/it\/\"},{\"@type\":\"ListItem\",\"position\":2,\"name\":\"Informativa privacy Clienti\"}]},{\"@type\":\"WebSite\",\"@id\":\"https:\/\/www.ergolines.it\/#website\",\"url\":\"https:\/\/www.ergolines.it\/\",\"name\":\"Ergolines\",\"description\":\"Mastering details for shaping a world.\",\"potentialAction\":[{\"@type\":\"SearchAction\",\"target\":{\"@type\":\"EntryPoint\",\"urlTemplate\":\"https:\/\/www.ergolines.it\/?s={search_term_string}\"},\"query-input\":\"required name=search_term_string\"}],\"inLanguage\":\"it-IT\"}]}<\/script>\n<!-- \/ Yoast SEO plugin. -->","yoast_head_json":{"title":"Informativa privacy Clienti - Ergolines","robots":{"index":"index","follow":"follow","max-snippet":"max-snippet:-1","max-image-preview":"max-image-preview:large","max-video-preview":"max-video-preview:-1"},"canonical":"https:\/\/www.ergolines.it\/it\/informativa-privacy-clienti\/","og_locale":"it_IT","og_type":"article","og_title":"Informativa privacy Clienti - Ergolines","og_description":"Ai sensi dell\u2019art. 13 del Regolamento UE 2016\/679 (GDPR) si forniscono, in coerenza del principio di trasparenza, le seguenti informazioni al fine di rendere consapevole il Cliente delle caratteristiche e modalit\u00e0 del trattamento dei dati. a) Identit\u00e0 e dati di contatto del Titolare del trattamento e del DPO Si informa che i Suoi dati, in [&hellip;]","og_url":"https:\/\/www.ergolines.it\/it\/informativa-privacy-clienti\/","og_site_name":"Ergolines","article_modified_time":"2025-02-03T16:10:32+00:00","twitter_card":"summary_large_image","twitter_misc":{"Est. reading time":"4 minutes"},"schema":{"@context":"https:\/\/schema.org","@graph":[{"@type":"WebPage","@id":"https:\/\/www.ergolines.it\/it\/informativa-privacy-clienti\/","url":"https:\/\/www.ergolines.it\/it\/informativa-privacy-clienti\/","name":"Informativa privacy Clienti - Ergolines","isPartOf":{"@id":"https:\/\/www.ergolines.it\/#website"},"datePublished":"2021-06-24T11:04:23+00:00","dateModified":"2025-02-03T16:10:32+00:00","breadcrumb":{"@id":"https:\/\/www.ergolines.it\/it\/informativa-privacy-clienti\/#breadcrumb"},"inLanguage":"it-IT","potentialAction":[{"@type":"ReadAction","target":["https:\/\/www.ergolines.it\/it\/informativa-privacy-clienti\/"]}]},{"@type":"BreadcrumbList","@id":"https:\/\/www.ergolines.it\/it\/informativa-privacy-clienti\/#breadcrumb","itemListElement":[{"@type":"ListItem","position":1,"name":"Home","item":"https:\/\/www.ergolines.it\/it\/"},{"@type":"ListItem","position":2,"name":"Informativa privacy Clienti"}]},{"@type":"WebSite","@id":"https:\/\/www.ergolines.it\/#website","url":"https:\/\/www.ergolines.it\/","name":"Ergolines","description":"Mastering details for shaping a world.","potentialAction":[{"@type":"SearchAction","target":{"@type":"EntryPoint","urlTemplate":"https:\/\/www.ergolines.it\/?s={search_term_string}"},"query-input":"required name=search_term_string"}],"inLanguage":"it-IT"}]}},"_links":{"self":[{"href":"https:\/\/www.ergolines.it\/it\/wp-json\/wp\/v2\/pages\/4046"}],"collection":[{"href":"https:\/\/www.ergolines.it\/it\/wp-json\/wp\/v2\/pages"}],"about":[{"href":"https:\/\/www.ergolines.it\/it\/wp-json\/wp\/v2\/types\/page"}],"author":[{"embeddable":true,"href":"https:\/\/www.ergolines.it\/it\/wp-json\/wp\/v2\/users\/2"}],"replies":[{"embeddable":true,"href":"https:\/\/www.ergolines.it\/it\/wp-json\/wp\/v2\/comments?post=4046"}],"version-history":[{"count":8,"href":"https:\/\/www.ergolines.it\/it\/wp-json\/wp\/v2\/pages\/4046\/revisions"}],"predecessor-version":[{"id":5354,"href":"https:\/\/www.ergolines.it\/it\/wp-json\/wp\/v2\/pages\/4046\/revisions\/5354"}],"wp:attachment":[{"href":"https:\/\/www.ergolines.it\/it\/wp-json\/wp\/v2\/media?parent=4046"}],"curies":[{"name":"wp","href":"https:\/\/api.w.org\/{rel}","templated":true}]}}